{"id":455,"date":"2026-01-16T05:11:05","date_gmt":"2026-01-16T02:11:05","guid":{"rendered":"https:\/\/egiteb.com\/egitim\/?page_id=455"},"modified":"2026-01-18T07:17:13","modified_gmt":"2026-01-18T04:17:13","slug":"sinav-sonuclari","status":"publish","type":"page","link":"https:\/\/egiteb.com\/egitim\/sinav-sonuclari\/","title":{"rendered":"S\u0131nav Sonu\u00e7lar\u0131"},"content":{"rendered":"\t\t<div data-elementor-type=\"wp-page\" data-elementor-id=\"455\" class=\"elementor elementor-455\">\n\t\t\t\t\t\t<section class=\"elementor-section elementor-top-section elementor-element elementor-element-720cddc elementor-section-boxed elementor-section-height-default elementor-section-height-default\" data-id=\"720cddc\" data-element_type=\"section\">\n\t\t\t\t\t\t<div class=\"elementor-container elementor-column-gap-default\">\n\t\t\t\t\t<div class=\"elementor-column elementor-col-100 elementor-top-column elementor-element elementor-element-7769a07\" data-id=\"7769a07\" data-element_type=\"column\">\n\t\t\t<div class=\"elementor-widget-wrap elementor-element-populated\">\n\t\t\t\t\t\t<div class=\"elementor-element elementor-element-dcee085 elementor-widget elementor-widget-html\" data-id=\"dcee085\" data-element_type=\"widget\" data-widget_type=\"html.default\">\n\t\t\t\t<div class=\"elementor-widget-container\">\n\t\t\t\t\t<!DOCTYPE html>\r\n<html lang=\"tr\">\r\n<head>\r\n    <meta charset=\"UTF-8\">\r\n    <meta name=\"viewport\" content=\"width=device-width, initial-scale=1.0\">\r\n    <title>E\u011fitim - EG\u0130TEB<\/title>\r\n    <style>\r\n        * {\r\n            margin: 0;\r\n            padding: 0;\r\n            box-sizing: border-box;\r\n        }\r\n\r\n        body {\r\n            font-family: -apple-system, BlinkMacSystemFont, 'Segoe UI', Roboto, 'Helvetica Neue', Arial, sans-serif;\r\n            background: #f5f5f5;\r\n            color: #333;\r\n            line-height: 1.6;\r\n        }\r\n\r\n        .container {\r\n            max-width: 1200px;\r\n            margin: 0 auto;\r\n            padding: 40px 20px;\r\n        }\r\n\r\n        .page-header {\r\n            text-align: center;\r\n            margin-bottom: 60px;\r\n            padding: 40px 0;\r\n        }\r\n\r\n        .page-header h1 {\r\n            font-size: 48px;\r\n            font-weight: 700;\r\n            color: #2c3e50;\r\n            margin-bottom: 15px;\r\n            letter-spacing: -0.5px;\r\n        }\r\n\r\n        .page-header p {\r\n            font-size: 18px;\r\n            color: #7f8c8d;\r\n            max-width: 600px;\r\n            margin: 0 auto;\r\n        }\r\n\r\n        .topics-grid {\r\n            display: grid;\r\n            grid-template-columns: repeat(auto-fill, minmax(320px, 1fr));\r\n            gap: 30px;\r\n            margin-top: 40px;\r\n        }\r\n\r\n        .topic-card {\r\n            background: #ffffff;\r\n            border-radius: 12px;\r\n            padding: 30px;\r\n            box-shadow: 0 2px 10px rgba(0, 0, 0, 0.08);\r\n            transition: all 0.3s ease;\r\n            cursor: pointer;\r\n            border: 1px solid #e8e8e8;\r\n            position: relative;\r\n            overflow: hidden;\r\n        }\r\n\r\n        .topic-card::before {\r\n            content: '';\r\n            position: absolute;\r\n            top: 0;\r\n            left: 0;\r\n            width: 4px;\r\n            height: 100%;\r\n            background: #3498db;\r\n            transform: scaleY(0);\r\n            transition: transform 0.3s ease;\r\n        }\r\n\r\n        .topic-card:hover {\r\n            transform: translateY(-5px);\r\n            box-shadow: 0 8px 25px rgba(0, 0, 0, 0.15);\r\n            border-color: #3498db;\r\n        }\r\n\r\n        .topic-card:hover::before {\r\n            transform: scaleY(1);\r\n        }\r\n\r\n        .topic-week {\r\n            display: inline-block;\r\n            background: linear-gradient(135deg, #667eea 0%, #764ba2 100%);\r\n            color: #ffffff;\r\n            font-size: 14px;\r\n            font-weight: 600;\r\n            padding: 6px 16px;\r\n            border-radius: 20px;\r\n            margin-bottom: 15px;\r\n            letter-spacing: 0.5px;\r\n        }\r\n\r\n        .topic-title {\r\n            font-size: 20px;\r\n            font-weight: 600;\r\n            color: #2c3e50;\r\n            margin-bottom: 10px;\r\n            line-height: 1.4;\r\n        }\r\n\r\n        .topic-card:hover .topic-title {\r\n            color: #3498db;\r\n        }\r\n\r\n        .topic-link {\r\n            text-decoration: none;\r\n            color: inherit;\r\n            display: block;\r\n        }\r\n\r\n        .topic-link:hover {\r\n            text-decoration: none;\r\n        }\r\n\r\n        .section-divider {\r\n            margin: 60px 0 40px;\r\n            text-align: center;\r\n            position: relative;\r\n        }\r\n\r\n        .section-divider::before {\r\n            content: '';\r\n            position: absolute;\r\n            top: 50%;\r\n            left: 0;\r\n            right: 0;\r\n            height: 1px;\r\n            background: #e0e0e0;\r\n        }\r\n\r\n        .section-divider span {\r\n            background: #f5f5f5;\r\n            padding: 0 20px;\r\n            position: relative;\r\n            color: #7f8c8d;\r\n            font-size: 14px;\r\n            font-weight: 600;\r\n            text-transform: uppercase;\r\n            letter-spacing: 1px;\r\n        }\r\n\r\n        \/* Responsive *\/\r\n        @media (max-width: 768px) {\r\n            .page-header h1 {\r\n                font-size: 36px;\r\n            }\r\n\r\n            .page-header p {\r\n                font-size: 16px;\r\n            }\r\n\r\n            .topics-grid {\r\n                grid-template-columns: 1fr;\r\n                gap: 20px;\r\n            }\r\n\r\n            .topic-card {\r\n                padding: 25px;\r\n            }\r\n\r\n            .container {\r\n                padding: 20px 15px;\r\n            }\r\n        }\r\n\r\n        @media (max-width: 480px) {\r\n            .page-header {\r\n                padding: 20px 0;\r\n                margin-bottom: 40px;\r\n            }\r\n\r\n            .page-header h1 {\r\n                font-size: 28px;\r\n            }\r\n\r\n            .topic-card {\r\n                padding: 20px;\r\n            }\r\n\r\n            .topic-title {\r\n                font-size: 18px;\r\n            }\r\n        }\r\n    <\/style>\r\n<\/head>\r\n<body>\r\n    <div class=\"container\">\r\n        <div class=\"page-header\">\r\n            <h1>E\u011fitim Program\u0131<\/h1>\r\n            <p>Ders konular\u0131 ve haftal\u0131k program i\u00e7eri\u011fi<\/p>\r\n        <\/div>\r\n\r\n        <div class=\"topics-grid\" id=\"topicsGrid\">\r\n            <!-- Konular buraya JavaScript ile eklenecek -->\r\n        <\/div>\r\n    <\/div>\r\n\r\n    <script>\r\n        \/\/ Excel'den al\u0131nan veriler\r\n        const topicsData = [\r\n            { week: 1, title: \"Elektrik Motorlar\u0131na giri\u015f\" },\r\n            { week: 2, title: \"Do\u011fru Ak\u0131m Motorlar\u0131\" },\r\n            { week: 3, title: \"\u00c7al\u0131\u015fma prensipleri\" },\r\n            { week: 4, title: \"Do\u011fru Ak\u0131m Motorlar\u0131na Yol verme\" },\r\n            { week: 5, title: \"Do\u011fru Ak\u0131m Motorlar\u0131 h\u0131z kontrolu, \u00f6rnekler\" },\r\n            { week: 6, title: \"Do\u011fru ak\u0131m motorlar\u0131nda mekanik g\u00fc\u00e7, kay\u0131p, verim, \u00f6rnekler\" },\r\n            { week: 7, title: \"F\u0131r\u00e7as\u0131z ve kollekt\u00f6rs\u00fcz do\u011fru ak\u0131m motorlar\u0131\" },\r\n            { week: 8, title: \"Ara S\u0131nav Haftas\u0131\" },\r\n            { week: 9, title: \"\u00dc\u00e7 fazl\u0131 Asenkron Motorlar\" },\r\n            { week: 10, title: \"Asenkron motorlar h\u0131z kayma ve devrinin \u00f6l\u00e7\u00fclmesi\" },\r\n            { week: 11, title: \"Asenkron motorlarda moment, verim,\u00f6rnekler\" },\r\n            { week: 12, title: \"Bir fazl\u0131 asenkron motorlar, senkron motorlar\" },\r\n            { week: 13, title: \"Motor Tahrik sistemleri\" },\r\n            { week: 14, title: \"Bir fazl\u0131 ve \u00fc\u00e7 fazl\u0131 yar\u0131m dalga diyot, trist\u00f6r tahrik sistemleri, konverter, inverter sistemler\" },\r\n            { week: 15, title: \"Bir fazl\u0131 ve \u00fc\u00e7 fazl\u0131 yar\u0131m dalga diyot, trist\u00f6r tahrik sistemleri, konverter, inverter sistemler\" },\r\n            { week: 16, title: \"Ders \u00c7al\u0131\u015fma Haftas\u0131\" },\r\n            { week: 17, title: \"Yar\u0131 Y\u0131l Sonu S\u0131nav\u0131\" }\r\n        ];\r\n\r\n        const topicsGrid = document.getElementById('topicsGrid');\r\n\r\n        topicsData.forEach((topic, index) => {\r\n            const card = document.createElement('div');\r\n            card.className = 'topic-card';\r\n            \r\n            const link = document.createElement('a');\r\n            link.href = 'https:\/\/www.egiteb.com';\r\n            link.className = 'topic-link';\r\n            link.target = '_blank';\r\n            \r\n            link.innerHTML = `\r\n                <span class=\"topic-week\">Hafta ${topic.week}<\/span>\r\n                <div class=\"topic-title\">${topic.title}<\/div>\r\n            `;\r\n            \r\n            card.appendChild(link);\r\n            topicsGrid.appendChild(card);\r\n        });\r\n    <\/script>\r\n<\/body>\r\n<\/html>\r\n\t\t\t\t<\/div>\n\t\t\t\t<\/div>\n\t\t\t\t\t<\/div>\n\t\t<\/div>\n\t\t\t\t\t<\/div>\n\t\t<\/section>\n\t\t\t\t<\/div>\n\t\t","protected":false},"excerpt":{"rendered":"<p>E\u011fitim &#8211; EG\u0130TEB E\u011fitim Program\u0131 Ders konular\u0131 ve haftal\u0131k program i\u00e7eri\u011fi<\/p>\n","protected":false},"author":1,"featured_media":0,"parent":0,"menu_order":0,"comment_status":"closed","ping_status":"closed","template":"","meta":{"site-sidebar-layout":"no-sidebar","site-content-layout":"page-builder","ast-site-content-layout":"full-width-container","site-content-style":"default","site-sidebar-style":"default","ast-global-header-display":"","ast-banner-title-visibility":"","ast-main-header-display":"","ast-hfb-above-header-display":"","ast-hfb-below-header-display":"","ast-hfb-mobile-header-display":"","site-post-title":"disabled","ast-breadcrumbs-content":"","ast-featured-img":"disabled","footer-sml-layout":"","ast-disable-related-posts":"","theme-transparent-header-meta":"","adv-header-id-meta":"","stick-header-meta":"","header-above-stick-meta":"","header-main-stick-meta":"","header-below-stick-meta":"","astra-migrate-meta-layouts":"set","ast-page-background-enabled":"default","ast-page-background-meta":{"desktop":{"background-color":"","background-image":"","background-repeat":"repeat","background-position":"center center","background-size":"auto","background-attachment":"scroll","background-type":"","background-media":"","overlay-type":"","overlay-color":"","overlay-opacity":"","overlay-gradient":""},"tablet":{"background-color":"","background-image":"","background-repeat":"repeat","background-position":"center center","background-size":"auto","background-attachment":"scroll","background-type":"","background-media":"","overlay-type":"","overlay-color":"","overlay-opacity":"","overlay-gradient":""},"mobile":{"background-color":"","background-image":"","background-repeat":"repeat","background-position":"center center","background-size":"auto","background-attachment":"scroll","background-type":"","background-media":"","overlay-type":"","overlay-color":"","overlay-opacity":"","overlay-gradient":""}},"ast-content-background-meta":{"desktop":{"background-color":"var(--ast-global-color-5)","background-image":"","background-repeat":"repeat","background-position":"center center","background-size":"auto","background-attachment":"scroll","background-type":"","background-media":"","overlay-type":"","overlay-color":"","overlay-opacity":"","overlay-gradient":""},"tablet":{"background-color":"var(--ast-global-color-5)","background-image":"","background-repeat":"repeat","background-position":"center center","background-size":"auto","background-attachment":"scroll","background-type":"","background-media":"","overlay-type":"","overlay-color":"","overlay-opacity":"","overlay-gradient":""},"mobile":{"background-color":"var(--ast-global-color-5)","background-image":"","background-repeat":"repeat","background-position":"center center","background-size":"auto","background-attachment":"scroll","background-type":"","background-media":"","overlay-type":"","overlay-color":"","overlay-opacity":"","overlay-gradient":""}},"footnotes":""},"class_list":["post-455","page","type-page","status-publish","hentry"],"_hostinger_reach_plugin_has_subscription_block":false,"_hostinger_reach_plugin_is_elementor":false,"_links":{"self":[{"href":"https:\/\/egiteb.com\/egitim\/wp-json\/wp\/v2\/pages\/455","targetHints":{"allow":["GET"]}}],"collection":[{"href":"https:\/\/egiteb.com\/egitim\/wp-json\/wp\/v2\/pages"}],"about":[{"href":"https:\/\/egiteb.com\/egitim\/wp-json\/wp\/v2\/types\/page"}],"author":[{"embeddable":true,"href":"https:\/\/egiteb.com\/egitim\/wp-json\/wp\/v2\/users\/1"}],"replies":[{"embeddable":true,"href":"https:\/\/egiteb.com\/egitim\/wp-json\/wp\/v2\/comments?post=455"}],"version-history":[{"count":4,"href":"https:\/\/egiteb.com\/egitim\/wp-json\/wp\/v2\/pages\/455\/revisions"}],"predecessor-version":[{"id":472,"href":"https:\/\/egiteb.com\/egitim\/wp-json\/wp\/v2\/pages\/455\/revisions\/472"}],"wp:attachment":[{"href":"https:\/\/egiteb.com\/egitim\/wp-json\/wp\/v2\/media?parent=455"}],"curies":[{"name":"wp","href":"https:\/\/api.w.org\/{rel}","templated":true}]}}